{"id":956,"date":"2021-03-30T07:32:51","date_gmt":"2021-03-30T07:32:51","guid":{"rendered":"http:\/\/mividanueva.org\/?page_id=956"},"modified":"2024-05-27T21:38:32","modified_gmt":"2024-05-27T21:38:32","slug":"ce-vida-nueva","status":"publish","type":"page","link":"https:\/\/mividanueva.org\/en\/","title":{"rendered":"Home"},"content":{"rendered":"<div class=\"wpb-content-wrapper\"><div data-vc-full-width=\"true\" data-vc-full-width-temp=\"true\" data-vc-full-width-init=\"false\" data-vc-stretch-content=\"true\" class=\"vc_row wpb_row vc_row-fluid vc_custom_1616245410520 vc_row-o-content-middle vc_row-flex\"><div class=\"wpb_column vc_column_container vc_col-sm-2\"><div class=\"vc_column-inner\"><div class=\"wpb_wrapper\"><div class=\"vc_row wpb_row vc_inner vc_row-fluid vc_custom_1615391490668\"><div class=\"wpb_column vc_column_container vc_col-sm-12\"><div class=\"vc_column-inner\"><div class=\"wpb_wrapper\"><\/div><\/div><\/div><\/div><\/div><\/div><\/div><div class=\"wpb_column vc_column_container vc_col-sm-8\"><div class=\"vc_column-inner\"><div class=\"wpb_wrapper\"><h1 style=\"color: #898989;text-align: center;font-family:Lato;font-weight:900;font-style:normal\" class=\"vc_custom_heading vc_do_custom_heading vc_custom_1615716037459\" >Welcome<\/h1><p style=\"color: #898989;line-height: 2;text-align: center;font-family:Lato;font-weight:400;font-style:normal\" class=\"vc_custom_heading vc_do_custom_heading big vc_custom_1619006987187\" >El Centro Evange\u0301lico Vida Nueva les da la bienvenida. Somos una iglesia cristoce\u0301ntrica, guiada por la palabra de Dios, con el propo\u0301sito de llevar el evangelio a todos los rincones de la tierra, dando a conocer al u\u0301nico que transforma las vidas, nuestro Se\u00f1or Jesucristo. Aqu\u00ed encontrar\u00e1s predicaciones en vivo, podcasts y una breve descripci\u00f3n de nuestra obra en Tenerife. Esperamos les sea de ayuda y de bendici\u00f3n, y que compartan el mensaje para que la palabra de Dios llegue a todos. Que el Se\u00f1or les bendiga muy ricamente y, desde las Islas Canarias, un gran saludo para todos.<\/p>\t\t<!-- HTML DESIGN HERE -->\r\n\t\t<div class=\"maw__modal_popup_box\" data-bodybg=\"rgba(10,10,10,0.68)\" style=\"justify-content: center; display: flex;\">\r\n\t\t\t\t\t\t\t<button class=\"mega-uae-btn model-popup-btn popup-81 hvr-fade\" data-id=\"popup-81\" style=\"color: #000000;background: #ffffff ; border: 2px solid #000000; border-radius: 0px; font-size: 18px; padding: 20px 60px;\" data-text=\"\"> \r\n\t\t\t\t\t<span><i style=\"padding-right: 5px;\" class=\"fa fas fa-caret-square-right\"> <\/i> KNOW MORE<\/span>\t\t\t\r\n\t\t\t\t\t<span style=\"background: #000000; padding: 20px 0; color: #ffffff;\" class=\"modal-popup-after\"><\/span>\r\n\t\t\t\t<\/button>\r\n\t\t\t\t<div style=\"clear: both;\"><\/div>\r\n\t\t\t\r\n\t\t\t\r\n\t\t\t<div class=\"mega-model-popup fadeInDown animated\" id=\"popup-81\" style=\"position:fixed;display: none; margin-top: 60px; width: 95%;max-width: 1080px; background: rgba(10,10,10,0.5);\">\r\n\t\t\t\t<span class=\"b-close\"><span><img decoding=\"async\" src=\"https:\/\/mividanueva.org\/wp-content\/plugins\/mega-addons-for-visual-composer\/render\/..\/images\/cross.png\"><\/span><\/span>\r\n\t\t\t    <div class=\"model-popup-container\">\r\n\t\t\t    \t<h2 style=\"border-bottom: 1px solid ; text-align: center; font-size: 20px; line-height: 0; color: ; background: ; margin: 0px; padding: 0px 20px;\">\r\n\t\t\t    \t\t\t\t\t    \t<\/h2>\r\n\t\t\t      <span style=\"padding: px px; display: block;\">\r\n\t\t\t      \t<div style=\"width: 1220px\" class=\"wp-video\"><!--[if lt IE 9]&gt;document.createElement('video');&lt;![endif]-->\n<video class=\"wp-video-shortcode\" id=\"video-956-1\" width=\"1220\" height=\"686\" preload=\"auto\" controls=\"controls\"><a href=\"https:\/\/mividanueva.org\/wp-content\/uploads\/2021\/03\/informacion.mp4\">https:\/\/mividanueva.org\/wp-content\/uploads\/2021\/03\/informacion.mp4<\/a><\/video><\/div>\n\t\t\t      <\/span>\r\n\t\t\t    <\/div>\r\n\t\t\t<\/div>\r\n\t\t<\/div>\r\n\t\t<style>\r\n\t\t\t.maw__modal_popup_box .popup-81:hover {\r\n\t\t\t\tbackground: #000000 !important;\r\n\t\t\t\tcolor: #ffffff !important;\r\n\t\t\t}\r\n\r\n\t\t<\/style>\r\n        <!-- HTML END DESIGN HERE -->\r\n\t\t<\/div><\/div><\/div><div class=\"wpb_column vc_column_container vc_col-sm-2\"><div class=\"vc_column-inner\"><div class=\"wpb_wrapper\"><\/div><\/div><\/div><\/div><div class=\"vc_row-full-width vc_clearfix\"><\/div><div data-vc-full-width=\"true\" data-vc-full-width-temp=\"true\" data-vc-full-width-init=\"false\" data-vc-stretch-content=\"true\" class=\"vc_row wpb_row vc_row-fluid background-picture-fixed vc_custom_1615455848773 vc_row-has-fill vc_row-no-padding\"><div class=\"wpb_column vc_column_container vc_col-sm-12 vc_col-xs-12\"><div class=\"vc_column-inner\"><div class=\"wpb_wrapper\"><\/div><\/div><\/div><\/div><div class=\"vc_row-full-width vc_clearfix\"><\/div><div class=\"vc_row wpb_row vc_row-fluid\"><div class=\"wpb_column vc_column_container vc_col-sm-8 vc_col-xs-12\"><div class=\"vc_column-inner\"><div class=\"wpb_wrapper\"><h2 style=\"color: #898989;text-align: left;font-family:Lato;font-weight:900;font-style:normal\" class=\"vc_custom_heading vc_do_custom_heading\" >Last sermons<\/h2><div class=\"vc_separator wpb_content_element vc_separator_align_center vc_sep_width_80 vc_sep_pos_align_left vc_separator_no_text vc_sep_color_grey wpb_content_element  wpb_content_element\" ><span class=\"vc_sep_holder vc_sep_holder_l\"><span class=\"vc_sep_line\"><\/span><\/span><span class=\"vc_sep_holder vc_sep_holder_r\"><span class=\"vc_sep_line\"><\/span><\/span>\n<\/div><\/div><\/div><\/div><div class=\"wpb_column vc_column_container vc_col-sm-4 vc_col-xs-12\"><div class=\"vc_column-inner\"><div class=\"wpb_wrapper\"><div class=\"vc_btn3-container vc_btn3-center vc_do_btn\" ><a class=\"vc_general vc_btn3 vc_btn3-size-md vc_btn3-shape-rounded vc_btn3-style-outline vc_btn3-block vc_btn3-icon-left vc_btn3-color-black\" href=\"http:\/\/mividanueva.org\/en\/predicaciones\/\" title=\"Mensajes\"><i class=\"vc_btn3-icon far fa-play-circle\"><\/i> See all broadcasts<\/a><\/div><\/div><\/div><\/div><\/div><div class=\"vc_row wpb_row vc_row-fluid vc_row-o-equal-height vc_row-flex\"><div class=\"wpb_column vc_column_container vc_col-sm-12\"><div class=\"vc_column-inner\"><div class=\"wpb_wrapper\"><div class=\"vc_row wpb_row vc_inner vc_row-fluid\"><div class=\"wpb_column vc_column_container vc_col-sm-12\"><div class=\"vc_column-inner\"><div class=\"wpb_wrapper\"><h2 style=\"color: #898989;text-align: left\" class=\"vc_custom_heading vc_do_custom_heading\" >Follow us on our social media networks<\/h2><p style=\"text-align: left\" class=\"vc_custom_heading vc_do_custom_heading big\" >You can watch the messages live every Thursday 7:00 p.m. and Sundays 6:30 p.m. (Canary Island local time)<\/p><\/div><\/div><\/div><\/div><div class=\"vc_separator wpb_content_element vc_separator_align_center vc_sep_width_100 vc_sep_pos_align_center vc_separator_no_text vc_sep_color_grey wpb_content_element  wpb_content_element\" ><span class=\"vc_sep_holder vc_sep_holder_l\"><span class=\"vc_sep_line\"><\/span><\/span><span class=\"vc_sep_holder vc_sep_holder_r\"><span class=\"vc_sep_line\"><\/span><\/span>\n<\/div><div class=\"vc_row wpb_row vc_inner vc_row-fluid vc_row-o-equal-height vc_row-flex\"><div class=\"wpb_column vc_column_container vc_col-sm-12\"><div class=\"vc_column-inner\"><div class=\"wpb_wrapper\">\n\t<div class=\"wpb_video_widget wpb_content_element vc_clearfix   vc_video-aspect-ratio-169 vc_video-el-width-100 vc_video-align-center\" >\n\t\t<div class=\"wpb_wrapper\">\n\t\t\t\n\t\t\t<div class=\"wpb_video_wrapper\"><iframe loading=\"lazy\" title=\"PREDICACIONES\" width=\"500\" height=\"281\" src=\"https:\/\/www.youtube.com\/embed\/videoseries?list=PLZCRgRfqBGiZuH1yi9oY_TpbbzUD4E6UK\" frameborder=\"0\" allow=\"accelerometer; autoplay; clipboard-write; encrypted-media; gyroscope; picture-in-picture; web-share\" referrerpolicy=\"strict-origin-when-cross-origin\" allowfullscreen><\/iframe><\/div>\n\t\t<\/div>\n\t<\/div>\n\n\t<div class=\"wpb_text_column wpb_content_element\" id=\"podcast-player-home\">\n\t\t<div class=\"wpb_wrapper\">\n\t\t\t<p>&nbsp;<\/p>\n\n\t\t<\/div>\n\t<\/div>\n<\/div><\/div><\/div><\/div><div class=\"vc_row wpb_row vc_inner vc_row-fluid\"><div class=\"wpb_column vc_column_container vc_col-sm-4\"><div class=\"vc_column-inner\"><div class=\"wpb_wrapper\"><div class=\"vc_btn3-container vc_btn3-center vc_do_btn\" ><a style=\"background-color:#8f22c8; color:#ffffff;\" class=\"vc_general vc_btn3 vc_btn3-size-lg vc_btn3-shape-rounded vc_btn3-style-custom vc_btn3-block vc_btn3-icon-left\" href=\"https:\/\/podcasts.apple.com\/us\/podcast\/centro-evang%C3%A9lico-vida-nueva\/id1513430794?itsct=podcast_box&#038;itscg=30200\" title=\"\" target=\"_blank\"><i class=\"vc_btn3-icon fas fa-podcast\"><\/i> Apple Podcasts<\/a><\/div><\/div><\/div><\/div><div class=\"wpb_column vc_column_container vc_col-sm-4\"><div class=\"vc_column-inner\"><div class=\"wpb_wrapper\"><div class=\"vc_btn3-container vc_btn3-center vc_do_btn\" ><a style=\"background-color:#3a8bf4; color:#ffffff;\" class=\"vc_general vc_btn3 vc_btn3-size-lg vc_btn3-shape-rounded vc_btn3-style-custom vc_btn3-block vc_btn3-icon-left\" href=\"https:\/\/podcasts.google.com\/feed\/aHR0cHM6Ly9hbmNob3IuZm0vcy8xZjgyZmUwMC9wb2RjYXN0L3Jzcw?sa=X&#038;ved=0CAMQ4aUDahcKEwjI15m6l6jvAhUAAAAAHQAAAAAQBw\" title=\"\" target=\"_blank\"><i class=\"vc_btn3-icon fas fa-play\"><\/i> Google Podcasts<\/a><\/div><\/div><\/div><\/div><div class=\"wpb_column vc_column_container vc_col-sm-4\"><div class=\"vc_column-inner\"><div class=\"wpb_wrapper\"><div class=\"vc_btn3-container vc_btn3-center vc_do_btn\" ><a style=\"background-color:#2d88ff; color:#ffffff;\" class=\"vc_general vc_btn3 vc_btn3-size-lg vc_btn3-shape-rounded vc_btn3-style-custom vc_btn3-block vc_btn3-icon-left\" href=\"https:\/\/www.facebook.com\/vidanueva.tf\" title=\"\" target=\"_blank\"><i class=\"vc_btn3-icon fab fa-facebook\"><\/i> Facebook<\/a><\/div><\/div><\/div><\/div><\/div><\/div><\/div><\/div><\/div><div class=\"vc_row wpb_row vc_row-fluid\"><div class=\"wpb_column vc_column_container vc_col-sm-12\"><div class=\"vc_column-inner\"><div class=\"wpb_wrapper\">\n\t\t\t<!-- START Iglesia Virtual REVOLUTION SLIDER 6.7.38 --><p class=\"rs-p-wp-fix\"><\/p>\n\t\t\t<rs-module-wrap id=\"rev_slider_13_1_wrapper\" data-source=\"gallery\" style=\"visibility:hidden;background:transparent;padding:0;margin:0px auto;margin-top:0;margin-bottom:0;\">\n\t\t\t\t<rs-module id=\"rev_slider_13_1\" style=\"\" data-version=\"6.7.38\">\n\t\t\t\t\t<rs-slides style=\"overflow: hidden; position: absolute;\">\n\t\t\t\t\t\t<rs-slide style=\"position: absolute;\" data-key=\"rs-13\" data-title=\"Slide\" data-anim=\"ms:1000;r:0;\" data-in=\"o:0;\" data-out=\"a:false;\">\n\t\t\t\t\t\t\t<img decoding=\"async\" src=\"\/\/mividanueva.org\/wp-content\/plugins\/revslider\/sr6\/assets\/assets\/dummy.png\" alt=\"collage-iglesia-virtual\" title=\"Collage Gris\" width=\"1920\" height=\"800\" class=\"rev-slidebg tp-rs-img rs-lazyload\" data-lazyload=\"\/\/mividanueva.org\/wp-content\/uploads\/2021\/03\/Collage-Gris.jpeg\" data-no-retina>\n<!--\n\t\t\t\t\t\t\t--><rs-layer\n\t\t\t\t\t\t\t\tid=\"slider-13-slide-13-layer-0\" \n\t\t\t\t\t\t\t\tdata-type=\"text\"\n\t\t\t\t\t\t\t\tdata-color=\"#fff\"\n\t\t\t\t\t\t\t\tdata-rsp_ch=\"on\"\n\t\t\t\t\t\t\t\tdata-xy=\"x:c;yo:64px,171px,323px,85px;\"\n\t\t\t\t\t\t\t\tdata-text=\"w:normal;s:93,49,45,36;l:104,55,41,28;ls:3,1,0,0;fw:900;\"\n\t\t\t\t\t\t\t\tdata-dim=\"minh:0,none,none,none;\"\n\t\t\t\t\t\t\t\tdata-frame_999=\"o:0;st:w;\"\n\t\t\t\t\t\t\t\tstyle=\"z-index:5;font-family:'Lato';\"\n\t\t\t\t\t\t\t>Virtual Church \n\t\t\t\t\t\t\t<\/rs-layer><!--\n\n\t\t\t\t\t\t\t--><rs-layer\n\t\t\t\t\t\t\t\tid=\"slider-13-slide-13-layer-2\" \n\t\t\t\t\t\t\t\tdata-type=\"text\"\n\t\t\t\t\t\t\t\tdata-color=\"#fff\"\n\t\t\t\t\t\t\t\tdata-rsp_ch=\"on\"\n\t\t\t\t\t\t\t\tdata-xy=\"x:c;xo:1px,0,0,0;y:m;yo:-1px,0,0,0;\"\n\t\t\t\t\t\t\t\tdata-text=\"w:nowrap;s:80,42,31,19;l:13,6,6,6;ls:1,0,0,0;fw:700;a:center;\"\n\t\t\t\t\t\t\t\tdata-dim=\"h:113,60,45,27;minh:0,none,none,none;\"\n\t\t\t\t\t\t\t\tdata-frame_999=\"o:0;st:w;\"\n\t\t\t\t\t\t\t\tstyle=\"z-index:7;font-family:'Lato';\"\n\t\t\t\t\t\t\t> \n\t\t\t\t\t\t\t<\/rs-layer><!--\n\n\t\t\t\t\t\t\t--><rs-layer\n\t\t\t\t\t\t\t\tid=\"slider-13-slide-13-layer-3\" \n\t\t\t\t\t\t\t\tdata-type=\"text\"\n\t\t\t\t\t\t\t\tdata-color=\"#fff\"\n\t\t\t\t\t\t\t\tdata-rsp_ch=\"on\"\n\t\t\t\t\t\t\t\tdata-xy=\"x:c;y:m;yo:-1px,17px,12px,-9px;\"\n\t\t\t\t\t\t\t\tdata-text=\"w:normal;s:45,24,18,16;l:53,28,21,20;ls:2,1,0,0;fw:700,700,700,900;a:center;\"\n\t\t\t\t\t\t\t\tdata-dim=\"w:1604,855,649,400;minh:0,none,none,none;\"\n\t\t\t\t\t\t\t\tdata-frame_999=\"o:0;st:w;\"\n\t\t\t\t\t\t\t\tstyle=\"z-index:8;font-family:'Lato';\"\n\t\t\t\t\t\t\t>The Virtual Church arises as a response to the need of many people, who, as a result of the global confinement given by the covid-19 pandemic, saw their churches closed, their pastors or leaders die, or simply found themselves isolated due to illness or long distances. This opened a door through which alienated people, wounded by unscriptural doctrines, and even people of other faiths, would turn to the one God, our Lord Jesus Christ. \n\t\t\t\t\t\t\t<\/rs-layer><!--\n\n\t\t\t\t\t\t\t--><a\n\t\t\t\t\t\t\t\tid=\"slider-13-slide-13-layer-5\" \n\t\t\t\t\t\t\t\tclass=\"rs-layer rev-btn\"\n\t\t\t\t\t\t\t\thref=\"http:\/\/mividanueva.org\/en\/iglesia-virtual\/\" target=\"_self\"\n\t\t\t\t\t\t\t\tdata-type=\"button\"\n\t\t\t\t\t\t\t\tdata-color=\"#000000\"\n\t\t\t\t\t\t\t\tdata-rsp_ch=\"on\"\n\t\t\t\t\t\t\t\tdata-xy=\"x:c;y:t,t,t,b;yo:736px,597px,654px,108px;\"\n\t\t\t\t\t\t\t\tdata-text=\"w:normal;s:26,19,27,20;l:30,23,18,14;ls:2,1,0,0;a:center;\"\n\t\t\t\t\t\t\t\tdata-dim=\"minh:0,none,none,none;\"\n\t\t\t\t\t\t\t\tdata-padding=\"t:18,14,12,10;r:53,40,32,26;b:18,14,12,10;l:53,40,32,26;\"\n\t\t\t\t\t\t\t\tdata-border=\"bor:30px,30px,30px,30px;\"\n\t\t\t\t\t\t\t\tdata-frame_999=\"o:0;st:w;\"\n\t\t\t\t\t\t\t\tdata-frame_hover=\"c:#fff;bgc:rgba(255,255,255,0);boc:#fff;bor:30px,30px,30px,30px;bos:solid;bow:2px,2px,2px,2px;sp:200;e:power1.inOut;\"\n\t\t\t\t\t\t\t\tstyle=\"z-index:9;background-color:#ffffff;font-family:'Roboto';text-transform:uppercase;\"\n\t\t\t\t\t\t\t>KNOW MORE <i class=\"fa-chevron-right\"><\/i> \n\t\t\t\t\t\t\t<\/a><!--\n-->\t\t\t\t\t<\/rs-slide>\n\t\t\t\t\t<\/rs-slides>\n\t\t\t\t<\/rs-module>\n\t\t\t\t<script>\n\t\t\t\t\tsetREVStartSize({c: 'rev_slider_13_1',rl:[1240,1024,778,480],el:[900,768,960,520],gw:[1920,1024,778,480],gh:[900,768,960,520],type:'hero',justify:'',layout:'fullwidth',mh:\"0\"});if (window.RS_MODULES!==undefined && window.RS_MODULES.modules!==undefined && window.RS_MODULES.modules[\"revslider131\"]!==undefined) {window.RS_MODULES.modules[\"revslider131\"].once = false;window.revapi13 = undefined;if (window.RS_MODULES.checkMinimal!==undefined) window.RS_MODULES.checkMinimal()}\n\t\t\t\t<\/script>\n\t\t\t<\/rs-module-wrap>\n\t\t\t<!-- END REVOLUTION SLIDER -->\n<\/div><\/div><\/div><\/div><\/div>","protected":false},"excerpt":{"rendered":"BienvenidosEl Centro Evange\u0301lico Vida Nueva les da la bienvenida. Somos una iglesia cristoce\u0301ntrica, guiada por la palabra de Dios, con<span class=\"excerpt-hellip\"> [\u2026]<\/span>","protected":false},"author":1,"featured_media":0,"parent":0,"menu_order":0,"comment_status":"closed","ping_status":"closed","template":"","meta":{"footnotes":""},"class_list":["post-956","page","type-page","status-publish","hentry"],"yoast_head":"<!-- This site is optimized with the Yoast SEO plugin v26.7 - https:\/\/yoast.com\/wordpress\/plugins\/seo\/ -->\n<title>Principal<\/title>\n<meta name=\"description\" content=\"Bienvenidos al Centro Evange\u0301lico Vida Nueva. Somos una iglesia cristoce\u0301ntrica, guiada por la palabra de Dios.\" \/>\n<meta name=\"robots\" content=\"index, follow, max-snippet:-1, max-image-preview:large, max-video-preview:-1\" \/>\n<link rel=\"canonical\" href=\"https:\/\/mividanueva.org\/en\/\" \/>\n<meta property=\"og:locale\" content=\"en_US\" \/>\n<meta property=\"og:type\" content=\"article\" \/>\n<meta property=\"og:title\" content=\"Principal\" \/>\n<meta property=\"og:description\" content=\"Bienvenidos al Centro Evange\u0301lico Vida Nueva. Somos una iglesia cristoce\u0301ntrica, guiada por la palabra de Dios.\" \/>\n<meta property=\"og:url\" content=\"https:\/\/mividanueva.org\/en\/\" \/>\n<meta property=\"og:site_name\" content=\"Centro Evangelico Vida Nueva\" \/>\n<meta property=\"article:publisher\" content=\"https:\/\/www.facebook.com\/vidanueva.tf\" \/>\n<meta property=\"article:modified_time\" content=\"2024-05-27T21:38:32+00:00\" \/>\n<meta name=\"twitter:card\" content=\"summary_large_image\" \/>\n<meta name=\"twitter:label1\" content=\"Est. reading time\" \/>\n\t<meta name=\"twitter:data1\" content=\"2 minutes\" \/>\n<script type=\"application\/ld+json\" class=\"yoast-schema-graph\">{\"@context\":\"https:\/\/schema.org\",\"@graph\":[{\"@type\":\"WebPage\",\"@id\":\"https:\/\/mividanueva.org\/\",\"url\":\"https:\/\/mividanueva.org\/\",\"name\":\"Principal\",\"isPartOf\":{\"@id\":\"https:\/\/mividanueva.org\/#website\"},\"datePublished\":\"2021-03-30T07:32:51+00:00\",\"dateModified\":\"2024-05-27T21:38:32+00:00\",\"description\":\"Bienvenidos al Centro Evange\u0301lico Vida Nueva. Somos una iglesia cristoce\u0301ntrica, guiada por la palabra de Dios.\",\"breadcrumb\":{\"@id\":\"https:\/\/mividanueva.org\/#breadcrumb\"},\"inLanguage\":\"en-US\",\"potentialAction\":[{\"@type\":\"ReadAction\",\"target\":[\"https:\/\/mividanueva.org\/\"]}]},{\"@type\":\"BreadcrumbList\",\"@id\":\"https:\/\/mividanueva.org\/#breadcrumb\",\"itemListElement\":[{\"@type\":\"ListItem\",\"position\":1,\"name\":\"Portada\",\"item\":\"https:\/\/mividanueva.org\/\"},{\"@type\":\"ListItem\",\"position\":2,\"name\":\"Inicio\"}]},{\"@type\":\"WebSite\",\"@id\":\"https:\/\/mividanueva.org\/#website\",\"url\":\"https:\/\/mividanueva.org\/\",\"name\":\"Centro Evangelico Vida Nueva\",\"description\":\"\",\"publisher\":{\"@id\":\"https:\/\/mividanueva.org\/#organization\"},\"potentialAction\":[{\"@type\":\"SearchAction\",\"target\":{\"@type\":\"EntryPoint\",\"urlTemplate\":\"https:\/\/mividanueva.org\/?s={search_term_string}\"},\"query-input\":{\"@type\":\"PropertyValueSpecification\",\"valueRequired\":true,\"valueName\":\"search_term_string\"}}],\"inLanguage\":\"en-US\"},{\"@type\":\"Organization\",\"@id\":\"https:\/\/mividanueva.org\/#organization\",\"name\":\"Centro Evang\u00e9lico Vida Nueva\",\"url\":\"https:\/\/mividanueva.org\/\",\"logo\":{\"@type\":\"ImageObject\",\"inLanguage\":\"en-US\",\"@id\":\"https:\/\/mividanueva.org\/#\/schema\/logo\/image\/\",\"url\":\"https:\/\/mividanueva.org\/wp-content\/uploads\/2021\/02\/Logo-Horizontal.png\",\"contentUrl\":\"https:\/\/mividanueva.org\/wp-content\/uploads\/2021\/02\/Logo-Horizontal.png\",\"width\":7016,\"height\":1992,\"caption\":\"Centro Evang\u00e9lico Vida Nueva\"},\"image\":{\"@id\":\"https:\/\/mividanueva.org\/#\/schema\/logo\/image\/\"},\"sameAs\":[\"https:\/\/www.facebook.com\/vidanueva.tf\",\"https:\/\/www.youtube.com\/channel\/UCRD3E0xjvi87Qe2AFrIrmxA\"]}]}<\/script>\n<!-- \/ Yoast SEO plugin. -->","yoast_head_json":{"title":"Principal","description":"Bienvenidos al Centro Evange\u0301lico Vida Nueva. Somos una iglesia cristoce\u0301ntrica, guiada por la palabra de Dios.","robots":{"index":"index","follow":"follow","max-snippet":"max-snippet:-1","max-image-preview":"max-image-preview:large","max-video-preview":"max-video-preview:-1"},"canonical":"https:\/\/mividanueva.org\/en\/","og_locale":"en_US","og_type":"article","og_title":"Principal","og_description":"Bienvenidos al Centro Evange\u0301lico Vida Nueva. Somos una iglesia cristoce\u0301ntrica, guiada por la palabra de Dios.","og_url":"https:\/\/mividanueva.org\/en\/","og_site_name":"Centro Evangelico Vida Nueva","article_publisher":"https:\/\/www.facebook.com\/vidanueva.tf","article_modified_time":"2024-05-27T21:38:32+00:00","twitter_card":"summary_large_image","twitter_misc":{"Est. reading time":"2 minutes"},"schema":{"@context":"https:\/\/schema.org","@graph":[{"@type":"WebPage","@id":"https:\/\/mividanueva.org\/","url":"https:\/\/mividanueva.org\/","name":"Principal","isPartOf":{"@id":"https:\/\/mividanueva.org\/#website"},"datePublished":"2021-03-30T07:32:51+00:00","dateModified":"2024-05-27T21:38:32+00:00","description":"Bienvenidos al Centro Evange\u0301lico Vida Nueva. Somos una iglesia cristoce\u0301ntrica, guiada por la palabra de Dios.","breadcrumb":{"@id":"https:\/\/mividanueva.org\/#breadcrumb"},"inLanguage":"en-US","potentialAction":[{"@type":"ReadAction","target":["https:\/\/mividanueva.org\/"]}]},{"@type":"BreadcrumbList","@id":"https:\/\/mividanueva.org\/#breadcrumb","itemListElement":[{"@type":"ListItem","position":1,"name":"Portada","item":"https:\/\/mividanueva.org\/"},{"@type":"ListItem","position":2,"name":"Inicio"}]},{"@type":"WebSite","@id":"https:\/\/mividanueva.org\/#website","url":"https:\/\/mividanueva.org\/","name":"Centro Evangelico Vida Nueva","description":"","publisher":{"@id":"https:\/\/mividanueva.org\/#organization"},"potentialAction":[{"@type":"SearchAction","target":{"@type":"EntryPoint","urlTemplate":"https:\/\/mividanueva.org\/?s={search_term_string}"},"query-input":{"@type":"PropertyValueSpecification","valueRequired":true,"valueName":"search_term_string"}}],"inLanguage":"en-US"},{"@type":"Organization","@id":"https:\/\/mividanueva.org\/#organization","name":"Centro Evangelico Vida Nueva","url":"https:\/\/mividanueva.org\/","logo":{"@type":"ImageObject","inLanguage":"en-US","@id":"https:\/\/mividanueva.org\/#\/schema\/logo\/image\/","url":"https:\/\/mividanueva.org\/wp-content\/uploads\/2021\/02\/Logo-Horizontal.png","contentUrl":"https:\/\/mividanueva.org\/wp-content\/uploads\/2021\/02\/Logo-Horizontal.png","width":7016,"height":1992,"caption":"Centro Evang\u00e9lico Vida Nueva"},"image":{"@id":"https:\/\/mividanueva.org\/#\/schema\/logo\/image\/"},"sameAs":["https:\/\/www.facebook.com\/vidanueva.tf","https:\/\/www.youtube.com\/channel\/UCRD3E0xjvi87Qe2AFrIrmxA"]}]}},"_links":{"self":[{"href":"https:\/\/mividanueva.org\/en\/wp-json\/wp\/v2\/pages\/956","targetHints":{"allow":["GET"]}}],"collection":[{"href":"https:\/\/mividanueva.org\/en\/wp-json\/wp\/v2\/pages"}],"about":[{"href":"https:\/\/mividanueva.org\/en\/wp-json\/wp\/v2\/types\/page"}],"author":[{"embeddable":true,"href":"https:\/\/mividanueva.org\/en\/wp-json\/wp\/v2\/users\/1"}],"replies":[{"embeddable":true,"href":"https:\/\/mividanueva.org\/en\/wp-json\/wp\/v2\/comments?post=956"}],"version-history":[{"count":4,"href":"https:\/\/mividanueva.org\/en\/wp-json\/wp\/v2\/pages\/956\/revisions"}],"predecessor-version":[{"id":1898,"href":"https:\/\/mividanueva.org\/en\/wp-json\/wp\/v2\/pages\/956\/revisions\/1898"}],"wp:attachment":[{"href":"https:\/\/mividanueva.org\/en\/wp-json\/wp\/v2\/media?parent=956"}],"curies":[{"name":"wp","href":"https:\/\/api.w.org\/{rel}","templated":true}]}}