{"id":892,"date":"2021-03-22T07:49:15","date_gmt":"2021-03-22T07:49:15","guid":{"rendered":"http:\/\/mividanueva.org\/?page_id=892"},"modified":"2021-04-21T12:00:24","modified_gmt":"2021-04-21T12:00:24","slug":"iglesia-virtual","status":"publish","type":"page","link":"https:\/\/mividanueva.org\/en\/iglesia-virtual\/","title":{"rendered":"Virtual Church"},"content":{"rendered":"<div class=\"wpb-content-wrapper\"><div data-vc-full-width=\"true\" data-vc-full-width-temp=\"true\" data-vc-full-width-init=\"false\" data-vc-stretch-content=\"true\" class=\"vc_row wpb_row vc_row-fluid vc_custom_1616402329146 vc_row-has-fill vc_row-no-padding vc_row-o-full-height vc_row-o-columns-middle vc_row-flex\"><div class=\"wpb_column vc_column_container vc_col-sm-12\"><div class=\"vc_column-inner\"><div class=\"wpb_wrapper\"><div class=\"vc_row wpb_row vc_inner vc_row-fluid vc_custom_1616404226513\"><div class=\"wpb_column vc_column_container vc_col-sm-2\"><div class=\"vc_column-inner\"><div class=\"wpb_wrapper\"><\/div><\/div><\/div><div class=\"wpb_column vc_column_container vc_col-sm-8\"><div class=\"vc_column-inner\"><div class=\"wpb_wrapper\"><h2 style=\"color: #464646;text-align: center;font-family:Lato;font-weight:900;font-style:normal\" class=\"vc_custom_heading vc_do_custom_heading vc_custom_1616401751508\" >\u00bfQu\u00e9 es la Iglesia virtual?<\/h2><p style=\"color: #464646;text-align: center\" class=\"vc_custom_heading vc_do_custom_heading big vc_custom_1619006422619\" >En medio de tanta incertidumbre, Dios puso en el coraz\u00f3n del pastor crear canales a trav\u00e9s de WhatsApp para mantener a la iglesia conectada, a trav\u00e9s de devocionales, palabras de aliento, concursos b\u00edblicos, es decir, aprovechar el tiempo en el que Dios nos pidi\u00f3 que nos detuvi\u00e9ramos un momento.<\/p><p style=\"color: #898989;text-align: center;font-family:Lato;font-weight:400;font-style:italic\" class=\"vc_custom_heading vc_do_custom_heading big vc_custom_1616404417068\" >Anda, pueblo m\u00edo, entra en tus aposentos, cierra tras ti tus puertas; esc\u00f3ndete un poquito, por un momento, en tanto que pasa la indignaci\u00f3n.<br \/>\nIsaiah 26:20<\/p><p style=\"color: #464646;text-align: center\" class=\"vc_custom_heading vc_do_custom_heading big vc_custom_1618656255322\" >M\u00e1s tarde, comenzamos a compartir nuestro contenido en las redes sociales para que todo aquel que lo necesite y quiera escuchar palabra de Dios, pudiera hacerlo. Esto trajo una catarata de personas heridas por falsas doctrinas, apartadas, personas sin iglesias cercanas a su hogar o simplemente sin iglesias de sana doctrina. Much\u00edsimas personas que nunca hab\u00edan pisado una iglesia e incluso de otras creencias, reconociendo su error y aceptando a nuestro Se\u00f1or Jesucristo. Y, por sobre todas las cosas, personas hambrientas, de palabra verdadera.<\/p><\/div><\/div><\/div><div class=\"wpb_column vc_column_container vc_col-sm-2\"><div class=\"vc_column-inner\"><div class=\"wpb_wrapper\"><\/div><\/div><\/div><\/div><\/div><\/div><\/div><\/div><div class=\"vc_row-full-width vc_clearfix\"><\/div><div data-vc-full-width=\"true\" data-vc-full-width-temp=\"true\" data-vc-full-width-init=\"false\" data-vc-stretch-content=\"true\" class=\"vc_row wpb_row vc_row-fluid vc_custom_1616404145656 vc_row-no-padding\"><div class=\"wpb_column vc_column_container vc_col-sm-12\"><div class=\"vc_column-inner\"><div class=\"wpb_wrapper\">\n\t<div class=\"wpb_video_widget wpb_content_element vc_clearfix   vc_video-aspect-ratio-169 vc_video-el-width-100 vc_video-align-center\" >\n\t\t<div class=\"wpb_wrapper\">\n\t\t\t\n\t\t\t<div class=\"wpb_video_wrapper\"><iframe loading=\"lazy\" title=\"Una Iglesia en Cuarentena\" width=\"500\" height=\"281\" src=\"https:\/\/www.youtube.com\/embed\/pc09wWd0mvs?feature=oembed\" frameborder=\"0\" allow=\"accelerometer; autoplay; clipboard-write; encrypted-media; gyroscope; picture-in-picture; web-share\" referrerpolicy=\"strict-origin-when-cross-origin\" allowfullscreen><\/iframe><\/div>\n\t\t<\/div>\n\t<\/div>\n<\/div><\/div><\/div><\/div><div class=\"vc_row-full-width vc_clearfix\"><\/div><div data-vc-full-width=\"true\" data-vc-full-width-temp=\"true\" data-vc-full-width-init=\"false\" data-vc-stretch-content=\"true\" class=\"vc_row wpb_row vc_row-fluid vc_custom_1617031044245 vc_row-has-fill vc_row-no-padding\"><div class=\"wpb_column vc_column_container vc_col-sm-2\"><div class=\"vc_column-inner\"><div class=\"wpb_wrapper\"><\/div><\/div><\/div><div class=\"wpb_column vc_column_container vc_col-sm-8\"><div class=\"vc_column-inner\"><div class=\"wpb_wrapper\"><h2 style=\"color: #464646;text-align: center;font-family:Lato;font-weight:900;font-style:normal\" class=\"vc_custom_heading vc_do_custom_heading vc_custom_1617028469060\" >\u00bfC\u00f3mo puedo pertenecer a la Iglesia Virtual?<\/h2><p style=\"color: #464646;text-align: center\" class=\"vc_custom_heading vc_do_custom_heading big\" >Antes que nada, como siempre decimos a todos los que nos preguntan, la Iglesia Virtual es para todos los que, con motivos justificados, no pueden acudir a una iglesia. Siempre que usted pueda acudir a una iglesia f\u00edsica de sana doctrina, h\u00e1galo. Bajo ning\u00fan concepto, queremos que una persona que tiene su congregaci\u00f3n, la abandone para venir con nosotros.<\/p><h3 style=\"color: #464646;text-align: center;font-family:Lato;font-weight:700;font-style:normal\" class=\"vc_custom_heading vc_do_custom_heading\" >\u00bfQuieres saber m\u00e1s?<\/h3><p style=\"color: #464646;text-align: center\" class=\"vc_custom_heading vc_do_custom_heading big\" >M\u00e1ndanos un correo explic\u00e1ndonos tu situaci\u00f3n, por la cual quieres pertenecer a la Iglesia Virtual de Centro Evang\u00e9lico Vida Nueva.<\/p><h4 style=\"color: #464646;text-align: center\" class=\"vc_custom_heading vc_do_custom_heading\" ><a href=\"mailto:iglesiavirtual@mividanueva.org\">iglesiavirtual@mividanueva.org<\/a><\/h4><\/div><\/div><\/div><div class=\"wpb_column vc_column_container vc_col-sm-2\"><div class=\"vc_column-inner\"><div class=\"wpb_wrapper\"><\/div><\/div><\/div><\/div><div class=\"vc_row-full-width vc_clearfix\"><\/div>\n<\/div>","protected":false},"excerpt":{"rendered":"\u00bfQu\u00e9 es la Iglesia virtual?En medio de tanta incertidumbre, Dios puso en el coraz\u00f3n del pastor crear canales a trav\u00e9s<span class=\"excerpt-hellip\"> [\u2026]<\/span>","protected":false},"author":1,"featured_media":0,"parent":0,"menu_order":0,"comment_status":"closed","ping_status":"closed","template":"","meta":{"footnotes":""},"class_list":["post-892","page","type-page","status-publish","hentry"],"yoast_head":"<!-- This site is optimized with the Yoast SEO plugin v26.7 - https:\/\/yoast.com\/wordpress\/plugins\/seo\/ -->\n<title>Iglesia Virtual<\/title>\n<meta name=\"description\" content=\"De todas las naciones. Iglesia Virtual\" \/>\n<meta name=\"robots\" content=\"index, follow, max-snippet:-1, max-image-preview:large, max-video-preview:-1\" \/>\n<link rel=\"canonical\" href=\"https:\/\/mividanueva.org\/en\/iglesia-virtual\/\" \/>\n<meta property=\"og:locale\" content=\"en_US\" \/>\n<meta property=\"og:type\" content=\"article\" \/>\n<meta property=\"og:title\" content=\"Iglesia Virtual\" \/>\n<meta property=\"og:description\" content=\"De todas las naciones. Iglesia Virtual\" \/>\n<meta property=\"og:url\" content=\"https:\/\/mividanueva.org\/en\/iglesia-virtual\/\" \/>\n<meta property=\"og:site_name\" content=\"Centro Evangelico Vida Nueva\" \/>\n<meta property=\"article:publisher\" content=\"https:\/\/www.facebook.com\/vidanueva.tf\" \/>\n<meta property=\"article:modified_time\" content=\"2021-04-21T12:00:24+00:00\" \/>\n<meta name=\"twitter:card\" content=\"summary_large_image\" \/>\n<meta name=\"twitter:label1\" content=\"Est. reading time\" \/>\n\t<meta name=\"twitter:data1\" content=\"4 minutes\" \/>\n<script type=\"application\/ld+json\" class=\"yoast-schema-graph\">{\"@context\":\"https:\/\/schema.org\",\"@graph\":[{\"@type\":\"WebPage\",\"@id\":\"https:\/\/mividanueva.org\/iglesia-virtual\/\",\"url\":\"https:\/\/mividanueva.org\/iglesia-virtual\/\",\"name\":\"Iglesia Virtual\",\"isPartOf\":{\"@id\":\"https:\/\/mividanueva.org\/#website\"},\"datePublished\":\"2021-03-22T07:49:15+00:00\",\"dateModified\":\"2021-04-21T12:00:24+00:00\",\"description\":\"De todas las naciones. Iglesia Virtual\",\"breadcrumb\":{\"@id\":\"https:\/\/mividanueva.org\/iglesia-virtual\/#breadcrumb\"},\"inLanguage\":\"en-US\",\"potentialAction\":[{\"@type\":\"ReadAction\",\"target\":[\"https:\/\/mividanueva.org\/iglesia-virtual\/\"]}]},{\"@type\":\"BreadcrumbList\",\"@id\":\"https:\/\/mividanueva.org\/iglesia-virtual\/#breadcrumb\",\"itemListElement\":[{\"@type\":\"ListItem\",\"position\":1,\"name\":\"Portada\",\"item\":\"https:\/\/mividanueva.org\/\"},{\"@type\":\"ListItem\",\"position\":2,\"name\":\"Iglesia Virtual\"}]},{\"@type\":\"WebSite\",\"@id\":\"https:\/\/mividanueva.org\/#website\",\"url\":\"https:\/\/mividanueva.org\/\",\"name\":\"Centro Evangelico Vida Nueva\",\"description\":\"\",\"publisher\":{\"@id\":\"https:\/\/mividanueva.org\/#organization\"},\"potentialAction\":[{\"@type\":\"SearchAction\",\"target\":{\"@type\":\"EntryPoint\",\"urlTemplate\":\"https:\/\/mividanueva.org\/?s={search_term_string}\"},\"query-input\":{\"@type\":\"PropertyValueSpecification\",\"valueRequired\":true,\"valueName\":\"search_term_string\"}}],\"inLanguage\":\"en-US\"},{\"@type\":\"Organization\",\"@id\":\"https:\/\/mividanueva.org\/#organization\",\"name\":\"Centro Evang\u00e9lico Vida Nueva\",\"url\":\"https:\/\/mividanueva.org\/\",\"logo\":{\"@type\":\"ImageObject\",\"inLanguage\":\"en-US\",\"@id\":\"https:\/\/mividanueva.org\/#\/schema\/logo\/image\/\",\"url\":\"https:\/\/mividanueva.org\/wp-content\/uploads\/2021\/02\/Logo-Horizontal.png\",\"contentUrl\":\"https:\/\/mividanueva.org\/wp-content\/uploads\/2021\/02\/Logo-Horizontal.png\",\"width\":7016,\"height\":1992,\"caption\":\"Centro Evang\u00e9lico Vida Nueva\"},\"image\":{\"@id\":\"https:\/\/mividanueva.org\/#\/schema\/logo\/image\/\"},\"sameAs\":[\"https:\/\/www.facebook.com\/vidanueva.tf\",\"https:\/\/www.youtube.com\/channel\/UCRD3E0xjvi87Qe2AFrIrmxA\"]}]}<\/script>\n<!-- \/ Yoast SEO plugin. -->","yoast_head_json":{"title":"Virtual Church","description":"De todas las naciones. Iglesia Virtual","robots":{"index":"index","follow":"follow","max-snippet":"max-snippet:-1","max-image-preview":"max-image-preview:large","max-video-preview":"max-video-preview:-1"},"canonical":"https:\/\/mividanueva.org\/en\/iglesia-virtual\/","og_locale":"en_US","og_type":"article","og_title":"Iglesia Virtual","og_description":"De todas las naciones. Iglesia Virtual","og_url":"https:\/\/mividanueva.org\/en\/iglesia-virtual\/","og_site_name":"Centro Evangelico Vida Nueva","article_publisher":"https:\/\/www.facebook.com\/vidanueva.tf","article_modified_time":"2021-04-21T12:00:24+00:00","twitter_card":"summary_large_image","twitter_misc":{"Est. reading time":"4 minutes"},"schema":{"@context":"https:\/\/schema.org","@graph":[{"@type":"WebPage","@id":"https:\/\/mividanueva.org\/iglesia-virtual\/","url":"https:\/\/mividanueva.org\/iglesia-virtual\/","name":"Virtual Church","isPartOf":{"@id":"https:\/\/mividanueva.org\/#website"},"datePublished":"2021-03-22T07:49:15+00:00","dateModified":"2021-04-21T12:00:24+00:00","description":"De todas las naciones. Iglesia Virtual","breadcrumb":{"@id":"https:\/\/mividanueva.org\/iglesia-virtual\/#breadcrumb"},"inLanguage":"en-US","potentialAction":[{"@type":"ReadAction","target":["https:\/\/mividanueva.org\/iglesia-virtual\/"]}]},{"@type":"BreadcrumbList","@id":"https:\/\/mividanueva.org\/iglesia-virtual\/#breadcrumb","itemListElement":[{"@type":"ListItem","position":1,"name":"Portada","item":"https:\/\/mividanueva.org\/"},{"@type":"ListItem","position":2,"name":"Iglesia Virtual"}]},{"@type":"WebSite","@id":"https:\/\/mividanueva.org\/#website","url":"https:\/\/mividanueva.org\/","name":"Centro Evangelico Vida Nueva","description":"","publisher":{"@id":"https:\/\/mividanueva.org\/#organization"},"potentialAction":[{"@type":"SearchAction","target":{"@type":"EntryPoint","urlTemplate":"https:\/\/mividanueva.org\/?s={search_term_string}"},"query-input":{"@type":"PropertyValueSpecification","valueRequired":true,"valueName":"search_term_string"}}],"inLanguage":"en-US"},{"@type":"Organization","@id":"https:\/\/mividanueva.org\/#organization","name":"Centro Evangelico Vida Nueva","url":"https:\/\/mividanueva.org\/","logo":{"@type":"ImageObject","inLanguage":"en-US","@id":"https:\/\/mividanueva.org\/#\/schema\/logo\/image\/","url":"https:\/\/mividanueva.org\/wp-content\/uploads\/2021\/02\/Logo-Horizontal.png","contentUrl":"https:\/\/mividanueva.org\/wp-content\/uploads\/2021\/02\/Logo-Horizontal.png","width":7016,"height":1992,"caption":"Centro Evang\u00e9lico Vida Nueva"},"image":{"@id":"https:\/\/mividanueva.org\/#\/schema\/logo\/image\/"},"sameAs":["https:\/\/www.facebook.com\/vidanueva.tf","https:\/\/www.youtube.com\/channel\/UCRD3E0xjvi87Qe2AFrIrmxA"]}]}},"_links":{"self":[{"href":"https:\/\/mividanueva.org\/en\/wp-json\/wp\/v2\/pages\/892","targetHints":{"allow":["GET"]}}],"collection":[{"href":"https:\/\/mividanueva.org\/en\/wp-json\/wp\/v2\/pages"}],"about":[{"href":"https:\/\/mividanueva.org\/en\/wp-json\/wp\/v2\/types\/page"}],"author":[{"embeddable":true,"href":"https:\/\/mividanueva.org\/en\/wp-json\/wp\/v2\/users\/1"}],"replies":[{"embeddable":true,"href":"https:\/\/mividanueva.org\/en\/wp-json\/wp\/v2\/comments?post=892"}],"version-history":[{"count":0,"href":"https:\/\/mividanueva.org\/en\/wp-json\/wp\/v2\/pages\/892\/revisions"}],"wp:attachment":[{"href":"https:\/\/mividanueva.org\/en\/wp-json\/wp\/v2\/media?parent=892"}],"curies":[{"name":"wp","href":"https:\/\/api.w.org\/{rel}","templated":true}]}}