{"id":729,"date":"2021-03-16T19:57:42","date_gmt":"2021-03-16T19:57:42","guid":{"rendered":"http:\/\/mividanueva.org\/?page_id=729"},"modified":"2021-03-16T20:26:30","modified_gmt":"2021-03-16T20:26:30","slug":"en-que-creemos","status":"publish","type":"page","link":"https:\/\/mividanueva.org\/en\/en-que-creemos\/","title":{"rendered":"Our Beliefs"},"content":{"rendered":"<div class=\"wpb-content-wrapper\"><div class=\"vc_row wpb_row vc_row-fluid\"><div class=\"wpb_column vc_column_container vc_col-sm-2\"><div class=\"vc_column-inner\"><div class=\"wpb_wrapper\"><\/div><\/div><\/div><div class=\"wpb_column vc_column_container vc_col-sm-8\"><div class=\"vc_column-inner\"><div class=\"wpb_wrapper\"><h2 style=\"color: #898989;text-align: center;font-family:Lato;font-weight:900;font-style:normal\" class=\"vc_custom_heading vc_do_custom_heading vc_custom_1615925879891\" >NUESTRA DECLARACI\u00d3N DE CREENCIAS<\/h2><div class=\"vc_row wpb_row vc_inner vc_row-fluid\"><div class=\"wpb_column vc_column_container vc_col-sm-12\"><div class=\"vc_column-inner\"><div class=\"wpb_wrapper\"><h4 style=\"color: #898989;line-height: 1.5;text-align: justify\" class=\"vc_custom_heading vc_do_custom_heading\" >1. LA INSPIRACI\u00d3N DE LAS ESCRITURAS<\/p>\n<p>La Biblia es la Palabra de Dios la regla infalible de fe y conducta.(2\u00aa Timoteo 3:15-16 \u2013 2\u00aa Pedro 1:19-21)<\/p>\n<p>2. EL DIOS \u00daNICO Y VERDADERO.<\/p>\n<p>Creemos en un solo Dios eterno, existente en tres Personas (Deuteronomio 6:4 \u2013 Marcos 12:29)<\/p>\n<p>3. THE DEITY OF JESUS \u200b\u200bCHRIST.<\/p>\n<p>Jesucristo es Dios, no es un ser creado, es eterno. (Hechos 3:14-15 \u2013 Hechos 2:32-33)<\/p>\n<p>4. LA SALVACI\u00d3N DEL HOMBRE.<\/p>\n<p>El amor y la gracia de Dios se ha manifestado a todos los hombres. El hombre puede obtener el perd\u00f3n de sus pecados si acepta a Jesucristo como su Salvador personal.<\/p>\n<p>5. THE BAPTISM IN WATER.<\/p>\n<p>Es un mandamiento b\u00edblico. Un s\u00edmbolo de muerte y resurrecci\u00f3n. Un acto publico de nuestra entrega a Cristo. (Mateo 28:19 \u2013 Hechos 2:38)<\/p>\n<p>6. THE HOLY SUPPER.<\/p>\n<p>Este hecho consiste en participar regularmente del pan y del vino, como s\u00edmbolos del cuerpo y de la sangre de Jesucristo. Con ello recordamos su muerte y su resurrecci\u00f3n y proclamamos su segunda venida (1\u00aa Corintios 11:26)<\/p>\n<p>7. THE CHURCH.<\/p>\n<p>It is made up of all those redeemed by the blood of Jesus Christ from all over the world. She is the Bride and Body of Christ (Ephesians 1:22)<\/p>\n<p>8. LOS DONES DEL ESP\u00cdRITU SANTO.<\/p>\n<p>Dios ha dado dones a su Iglesia para que las necesidades espirituales de la misma sean suplidas. (1\u00aa Corintios 12:1-12 \u2013 Romanos 12:6-8)<\/p>\n<p>9. SECOND COMING OF CHRIST.<\/p>\n<p>El rapto, la Gran Tribulaci\u00f3n, El Milenio, etc, todos estos temas entran dentro de lo que conocemos con el nombre de la escatolog\u00eda b\u00edblica, (Mateo 24 \u2013 El Apocalipsis).<\/h4><\/div><\/div><\/div><\/div><\/div><\/div><\/div><div class=\"wpb_column vc_column_container vc_col-sm-2\"><div class=\"vc_column-inner\"><div class=\"wpb_wrapper\"><\/div><\/div><\/div><\/div>\n<\/div>","protected":false},"excerpt":{"rendered":"NUESTRA DECLARACI\u00d3N DE CREENCIAS1. LA INSPIRACI\u00d3N DE LAS ESCRITURAS La Biblia es la Palabra de Dios la regla infalible de<span class=\"excerpt-hellip\"> [\u2026]<\/span>","protected":false},"author":1,"featured_media":0,"parent":0,"menu_order":0,"comment_status":"closed","ping_status":"closed","template":"","meta":{"footnotes":""},"class_list":["post-729","page","type-page","status-publish","hentry"],"yoast_head":"<!-- This site is optimized with the Yoast SEO plugin v26.7 - https:\/\/yoast.com\/wordpress\/plugins\/seo\/ -->\n<title>creemos<\/title>\n<meta name=\"description\" content=\"Principios en los que creemos\" \/>\n<meta name=\"robots\" content=\"index, follow, max-snippet:-1, max-image-preview:large, max-video-preview:-1\" \/>\n<link rel=\"canonical\" href=\"https:\/\/mividanueva.org\/en\/en-que-creemos\/\" \/>\n<meta property=\"og:locale\" content=\"en_US\" \/>\n<meta property=\"og:type\" content=\"article\" \/>\n<meta property=\"og:title\" content=\"creemos\" \/>\n<meta property=\"og:description\" content=\"Principios en los que creemos\" \/>\n<meta property=\"og:url\" content=\"https:\/\/mividanueva.org\/en\/en-que-creemos\/\" \/>\n<meta property=\"og:site_name\" content=\"Centro Evangelico Vida Nueva\" \/>\n<meta property=\"article:publisher\" content=\"https:\/\/www.facebook.com\/vidanueva.tf\" \/>\n<meta property=\"article:modified_time\" content=\"2021-03-16T20:26:30+00:00\" \/>\n<meta name=\"twitter:card\" content=\"summary_large_image\" \/>\n<meta name=\"twitter:label1\" content=\"Est. reading time\" \/>\n\t<meta name=\"twitter:data1\" content=\"2 minutes\" \/>\n<script type=\"application\/ld+json\" class=\"yoast-schema-graph\">{\"@context\":\"https:\/\/schema.org\",\"@graph\":[{\"@type\":\"WebPage\",\"@id\":\"https:\/\/mividanueva.org\/en-que-creemos\/\",\"url\":\"https:\/\/mividanueva.org\/en-que-creemos\/\",\"name\":\"creemos\",\"isPartOf\":{\"@id\":\"https:\/\/mividanueva.org\/#website\"},\"datePublished\":\"2021-03-16T19:57:42+00:00\",\"dateModified\":\"2021-03-16T20:26:30+00:00\",\"description\":\"Principios en los que creemos\",\"breadcrumb\":{\"@id\":\"https:\/\/mividanueva.org\/en-que-creemos\/#breadcrumb\"},\"inLanguage\":\"en-US\",\"potentialAction\":[{\"@type\":\"ReadAction\",\"target\":[\"https:\/\/mividanueva.org\/en-que-creemos\/\"]}]},{\"@type\":\"BreadcrumbList\",\"@id\":\"https:\/\/mividanueva.org\/en-que-creemos\/#breadcrumb\",\"itemListElement\":[{\"@type\":\"ListItem\",\"position\":1,\"name\":\"Portada\",\"item\":\"https:\/\/mividanueva.org\/\"},{\"@type\":\"ListItem\",\"position\":2,\"name\":\"En qu\u00e9 creemos\"}]},{\"@type\":\"WebSite\",\"@id\":\"https:\/\/mividanueva.org\/#website\",\"url\":\"https:\/\/mividanueva.org\/\",\"name\":\"Centro Evangelico Vida Nueva\",\"description\":\"\",\"publisher\":{\"@id\":\"https:\/\/mividanueva.org\/#organization\"},\"potentialAction\":[{\"@type\":\"SearchAction\",\"target\":{\"@type\":\"EntryPoint\",\"urlTemplate\":\"https:\/\/mividanueva.org\/?s={search_term_string}\"},\"query-input\":{\"@type\":\"PropertyValueSpecification\",\"valueRequired\":true,\"valueName\":\"search_term_string\"}}],\"inLanguage\":\"en-US\"},{\"@type\":\"Organization\",\"@id\":\"https:\/\/mividanueva.org\/#organization\",\"name\":\"Centro Evang\u00e9lico Vida Nueva\",\"url\":\"https:\/\/mividanueva.org\/\",\"logo\":{\"@type\":\"ImageObject\",\"inLanguage\":\"en-US\",\"@id\":\"https:\/\/mividanueva.org\/#\/schema\/logo\/image\/\",\"url\":\"https:\/\/mividanueva.org\/wp-content\/uploads\/2021\/02\/Logo-Horizontal.png\",\"contentUrl\":\"https:\/\/mividanueva.org\/wp-content\/uploads\/2021\/02\/Logo-Horizontal.png\",\"width\":7016,\"height\":1992,\"caption\":\"Centro Evang\u00e9lico Vida Nueva\"},\"image\":{\"@id\":\"https:\/\/mividanueva.org\/#\/schema\/logo\/image\/\"},\"sameAs\":[\"https:\/\/www.facebook.com\/vidanueva.tf\",\"https:\/\/www.youtube.com\/channel\/UCRD3E0xjvi87Qe2AFrIrmxA\"]}]}<\/script>\n<!-- \/ Yoast SEO plugin. -->","yoast_head_json":{"title":"creemos","description":"Principios en los que creemos","robots":{"index":"index","follow":"follow","max-snippet":"max-snippet:-1","max-image-preview":"max-image-preview:large","max-video-preview":"max-video-preview:-1"},"canonical":"https:\/\/mividanueva.org\/en\/en-que-creemos\/","og_locale":"en_US","og_type":"article","og_title":"creemos","og_description":"Principios en los que creemos","og_url":"https:\/\/mividanueva.org\/en\/en-que-creemos\/","og_site_name":"Centro Evangelico Vida Nueva","article_publisher":"https:\/\/www.facebook.com\/vidanueva.tf","article_modified_time":"2021-03-16T20:26:30+00:00","twitter_card":"summary_large_image","twitter_misc":{"Est. reading time":"2 minutes"},"schema":{"@context":"https:\/\/schema.org","@graph":[{"@type":"WebPage","@id":"https:\/\/mividanueva.org\/en-que-creemos\/","url":"https:\/\/mividanueva.org\/en-que-creemos\/","name":"creemos","isPartOf":{"@id":"https:\/\/mividanueva.org\/#website"},"datePublished":"2021-03-16T19:57:42+00:00","dateModified":"2021-03-16T20:26:30+00:00","description":"Principios en los que creemos","breadcrumb":{"@id":"https:\/\/mividanueva.org\/en-que-creemos\/#breadcrumb"},"inLanguage":"en-US","potentialAction":[{"@type":"ReadAction","target":["https:\/\/mividanueva.org\/en-que-creemos\/"]}]},{"@type":"BreadcrumbList","@id":"https:\/\/mividanueva.org\/en-que-creemos\/#breadcrumb","itemListElement":[{"@type":"ListItem","position":1,"name":"Portada","item":"https:\/\/mividanueva.org\/"},{"@type":"ListItem","position":2,"name":"En qu\u00e9 creemos"}]},{"@type":"WebSite","@id":"https:\/\/mividanueva.org\/#website","url":"https:\/\/mividanueva.org\/","name":"Centro Evangelico Vida Nueva","description":"","publisher":{"@id":"https:\/\/mividanueva.org\/#organization"},"potentialAction":[{"@type":"SearchAction","target":{"@type":"EntryPoint","urlTemplate":"https:\/\/mividanueva.org\/?s={search_term_string}"},"query-input":{"@type":"PropertyValueSpecification","valueRequired":true,"valueName":"search_term_string"}}],"inLanguage":"en-US"},{"@type":"Organization","@id":"https:\/\/mividanueva.org\/#organization","name":"Centro Evangelico Vida Nueva","url":"https:\/\/mividanueva.org\/","logo":{"@type":"ImageObject","inLanguage":"en-US","@id":"https:\/\/mividanueva.org\/#\/schema\/logo\/image\/","url":"https:\/\/mividanueva.org\/wp-content\/uploads\/2021\/02\/Logo-Horizontal.png","contentUrl":"https:\/\/mividanueva.org\/wp-content\/uploads\/2021\/02\/Logo-Horizontal.png","width":7016,"height":1992,"caption":"Centro Evang\u00e9lico Vida Nueva"},"image":{"@id":"https:\/\/mividanueva.org\/#\/schema\/logo\/image\/"},"sameAs":["https:\/\/www.facebook.com\/vidanueva.tf","https:\/\/www.youtube.com\/channel\/UCRD3E0xjvi87Qe2AFrIrmxA"]}]}},"_links":{"self":[{"href":"https:\/\/mividanueva.org\/en\/wp-json\/wp\/v2\/pages\/729","targetHints":{"allow":["GET"]}}],"collection":[{"href":"https:\/\/mividanueva.org\/en\/wp-json\/wp\/v2\/pages"}],"about":[{"href":"https:\/\/mividanueva.org\/en\/wp-json\/wp\/v2\/types\/page"}],"author":[{"embeddable":true,"href":"https:\/\/mividanueva.org\/en\/wp-json\/wp\/v2\/users\/1"}],"replies":[{"embeddable":true,"href":"https:\/\/mividanueva.org\/en\/wp-json\/wp\/v2\/comments?post=729"}],"version-history":[{"count":0,"href":"https:\/\/mividanueva.org\/en\/wp-json\/wp\/v2\/pages\/729\/revisions"}],"wp:attachment":[{"href":"https:\/\/mividanueva.org\/en\/wp-json\/wp\/v2\/media?parent=729"}],"curies":[{"name":"wp","href":"https:\/\/api.w.org\/{rel}","templated":true}]}}