{"id":1084,"date":"2021-04-15T15:00:28","date_gmt":"2021-04-15T15:00:28","guid":{"rendered":"http:\/\/mividanueva.org\/?page_id=1084"},"modified":"2026-01-02T15:54:57","modified_gmt":"2026-01-02T15:54:57","slug":"viajes-a-israel","status":"publish","type":"page","link":"https:\/\/mividanueva.org\/en\/viajes-a-israel\/","title":{"rendered":"Travel to Israel"},"content":{"rendered":"<div class=\"wpb-content-wrapper\"><div class=\"vc_row wpb_row vc_row-fluid vc_custom_1658749661822 vc_row-has-fill\"><div class=\"wpb_column vc_column_container vc_col-sm-2\"><div class=\"vc_column-inner\"><div class=\"wpb_wrapper\"><\/div><\/div><\/div><div class=\"wpb_column vc_column_container vc_col-sm-8\"><div class=\"vc_column-inner\"><div class=\"wpb_wrapper\"><h2 style=\"color: #464646;line-height: 1.5;text-align: center;font-family:Lato;font-weight:700;font-style:normal\" class=\"vc_custom_heading vc_do_custom_heading\" >Travel to Israel with us<\/h2><p style=\"color: #464646;text-align: center\" class=\"vc_custom_heading vc_do_custom_heading big vc_custom_1743160598685\" >Bienvenidos, a trav\u00e9s de este apartado, podr\u00e1n solicitar informaci\u00f3n sobre los viajes a Israel organizados por el Ptr. Jos\u00e9 Manuel Sierra P\u00e1ez y ver fechas de futuros viajes. Si tienes la posibilidad, y amas leer la palabra de Dios, no te pierdas tambi\u00e9n la oportunidad de <i>\"see the bible with your own eyes\"<\/i>, recorrer lugares emblem\u00e1ticos de la palabra y disfrutar de la tierra del Se\u00f1or. Te esperamos, bendiciones.<\/p><\/div><\/div><\/div><div class=\"wpb_column vc_column_container vc_col-sm-2\"><div class=\"vc_column-inner\"><div class=\"wpb_wrapper\"><\/div><\/div><\/div><\/div><div class=\"vc_row wpb_row vc_row-fluid vc_row-o-equal-height vc_row-o-content-middle vc_row-flex\"><div class=\"wpb_column vc_column_container vc_col-sm-12\"><div class=\"vc_column-inner\"><div class=\"wpb_wrapper\">\n<div class=\"vc_grid-container-wrapper vc_clearfix vc_grid-animation-fadeIn\">\n\t<div class=\"vc_grid-container vc_clearfix wpb_content_element vc_media_grid\" data-initial-loading-animation=\"fadeIn\" data-vc-grid-settings=\"{&quot;page_id&quot;:1084,&quot;style&quot;:&quot;pagination&quot;,&quot;action&quot;:&quot;vc_get_vc_grid_data&quot;,&quot;shortcode_id&quot;:&quot;1767369232849-57f4c5cd-6662-0&quot;,&quot;items_per_page&quot;:&quot;6&quot;,&quot;auto_play&quot;:true,&quot;gap&quot;:5,&quot;speed&quot;:3000,&quot;loop&quot;:&quot;yes&quot;,&quot;animation_in&quot;:&quot;fadeInRight&quot;,&quot;animation_out&quot;:&quot;&quot;,&quot;arrows_design&quot;:&quot;none&quot;,&quot;arrows_color&quot;:&quot;blue&quot;,&quot;arrows_position&quot;:&quot;inside&quot;,&quot;paging_design&quot;:&quot;radio_dots&quot;,&quot;paging_color&quot;:&quot;grey&quot;,&quot;tag&quot;:&quot;vc_media_grid&quot;}\" data-vc-request=\"https:\/\/mividanueva.org\/wp-admin\/admin-ajax.php\" data-vc-post-id=\"1084\" data-vc-public-nonce=\"f3abcbf21d\">\n\t\t\n\t<\/div>\n<\/div><\/div><\/div><\/div><div class=\"wpb_column vc_column_container vc_col-sm-12\"><div class=\"vc_column-inner\"><div class=\"wpb_wrapper\"><\/div><\/div><\/div><\/div><div class=\"vc_row wpb_row vc_row-fluid vc_custom_1658764155475 vc_row-has-fill\"><div class=\"wpb_column vc_column_container vc_col-sm-2\"><div class=\"vc_column-inner\"><div class=\"wpb_wrapper\"><\/div><\/div><\/div><div class=\"wpb_column vc_column_container vc_col-sm-8\"><div class=\"vc_column-inner\"><div class=\"wpb_wrapper\"><h2 style=\"color: #1e73be;text-align: center\" class=\"vc_custom_heading vc_do_custom_heading big\" >Las plazas para los viajes a Israel del 2026 est\u00e1n completas. En breve se publicar\u00e1n las fechas para el 2027, confiando en el Se\u00f1or que nos permita seguir viajando. Dios los bendiga<\/h2><div class=\"vc_row wpb_row vc_inner vc_row-fluid vc_custom_1744977644855\"><div class=\"wpb_column vc_column_container vc_col-sm-12\"><div class=\"vc_column-inner\"><div class=\"wpb_wrapper\">\n\t<div class=\"wpb_text_column wpb_content_element\" >\n\t\t<div class=\"wpb_wrapper\">\n\t\t\t<p style=\"text-align: center;\">\n<div class=\"wpcf7 no-js\" id=\"wpcf7-f1586-o1\" lang=\"es-ES\" dir=\"ltr\" data-wpcf7-id=\"1586\">\n<div class=\"screen-reader-response\"><p role=\"status\" aria-live=\"polite\" aria-atomic=\"true\"><\/p> <ul><\/ul><\/div>\n<form action=\"\/en\/wp-json\/wp\/v2\/pages\/1084#wpcf7-f1586-o1\" method=\"post\" class=\"wpcf7-form init\" aria-label=\"Formulario de contacto\" novalidate=\"novalidate\" data-status=\"init\" data-trp-original-action=\"\/en\/wp-json\/wp\/v2\/pages\/1084#wpcf7-f1586-o1\">\n<fieldset class=\"hidden-fields-container\"><input type=\"hidden\" name=\"_wpcf7\" value=\"1586\" \/><input type=\"hidden\" name=\"_wpcf7_version\" value=\"6.1.4\" \/><input type=\"hidden\" name=\"_wpcf7_locale\" value=\"es_ES\" \/><input type=\"hidden\" name=\"_wpcf7_unit_tag\" value=\"wpcf7-f1586-o1\" \/><input type=\"hidden\" name=\"_wpcf7_container_post\" value=\"0\" \/><input type=\"hidden\" name=\"_wpcf7_posted_data_hash\" value=\"\" \/><input type=\"hidden\" name=\"_wpcf7_recaptcha_response\" value=\"\" \/>\n<\/fieldset>\n<p><span style=\"color:red\">*All fields are required*<\/span><br \/>\n<label>Full name:<\/label>\n<\/p>\n<p><span class=\"wpcf7-form-control-wrap\" data-name=\"tu-nombre\"><input size=\"40\" maxlength=\"400\" class=\"wpcf7-form-control wpcf7-text wpcf7-validates-as-required\" aria-required=\"true\" aria-invalid=\"false\" placeholder=\"Write your full name here\" value=\"\" type=\"text\" name=\"tu-nombre\" \/><\/span>\n<\/p>\n<p><label>Pa\u00eds:<\/label>\n<\/p>\n<p><span class=\"wpcf7-form-control-wrap\" data-name=\"tu-pais\"><input size=\"40\" class=\"wpcf7-form-control wpcf7-countrytext wpcf7-validates-as-required wpcf7-text wpcf7-validates-as-countrytext pais\" id=\"pais\" aria-required=\"true\" aria-invalid=\"false\" value=\"Pa\u00eds donde resides\" type=\"text\" name=\"tu-pais\" \/><\/span>\n<\/p>\n<p><label>Tel\u00e9fono:<\/label>\n<\/p>\n<p><span class=\"wpcf7-form-control-wrap\" data-name=\"tu-tel\"><input size=\"40\" class=\"wpcf7-form-control wpcf7-phonetext wpcf7-validates-as-required wpcf7-text wpcf7-validates-as-phonetext telefono\" id=\"telefono\" aria-required=\"true\" aria-invalid=\"false\" placeholder=\"Write your phone here\" value=\"\" type=\"text\" name=\"tu-tel\" \/><input type=\"hidden\" name=\"tu-tel-country-code\" class=\"wpcf7-phonetext-country-code\" \/><\/span>\n<\/p>\n<p><label>Correo Electr\u00f3nico:<\/label>\n<\/p>\n<p><span class=\"wpcf7-form-control-wrap\" data-name=\"tu-email\"><input size=\"40\" maxlength=\"400\" class=\"wpcf7-form-control wpcf7-email wpcf7-validates-as-required wpcf7-text wpcf7-validates-as-email\" aria-required=\"true\" aria-invalid=\"false\" placeholder=\"Write your email here\" value=\"\" type=\"email\" name=\"tu-email\" \/><\/span>\n<\/p>\n<p><label>Message Subject:<\/label>\n<\/p>\n<p><span class=\"wpcf7-form-control-wrap\" data-name=\"tu-asunto\"><input size=\"40\" maxlength=\"400\" class=\"wpcf7-form-control wpcf7-text wpcf7-validates-as-required asunto-viajes\" id=\"asunto-viajes\" aria-required=\"true\" aria-invalid=\"false\" value=\"Solicito informaci\u00f3n sobre viajes a Israel\" type=\"text\" name=\"tu-asunto\" \/><\/span>\n<\/p>\n<p><label>Message:<\/label>\n<\/p>\n<p><span class=\"wpcf7-form-control-wrap\" data-name=\"cuerpo-mensaje-viajes\"><textarea cols=\"40\" rows=\"10\" maxlength=\"2000\" class=\"wpcf7-form-control wpcf7-textarea cuerpo-mensaje-viajes\" id=\"cuerpo-mensaje-viajes\" aria-invalid=\"false\" placeholder=\"To help us organize the emails and respond accordingly, tell us your questions and what date you are interested in traveling and we will contact you as soon as possible. Thanks and blessings.\" name=\"cuerpo-mensaje-viajes\"><\/textarea><\/span>\n<\/p>\n<p><span class=\"wpcf7-form-control-wrap\" data-name=\"acceptance-491\"><span class=\"wpcf7-form-control wpcf7-acceptance\"><span class=\"wpcf7-list-item\"><label><input type=\"checkbox\" name=\"acceptance-491\" value=\"1\" aria-invalid=\"false\" \/><span class=\"wpcf7-list-item-label\">I accept the <a target=\"_blank\" href=\"https:\/\/mividanueva.org\/en\/politica-de-privacidad\/\">pol\u00edtica de privacidad.<\/a> \nLos datos ser\u00e1n tratados por el equipo responsable de Centro Evang\u00e9lico Vida Nueva, con la finalidad de establecer contacto, legitimado por parte de la persona interesada.<\/span><\/label><\/span><\/span><\/span>\n<\/p>\n<p><input class=\"wpcf7-form-control wpcf7-submit has-spinner submit\" id=\"submit\" type=\"submit\" value=\"Send\" \/>\n<\/p><div class=\"wpcf7-response-output\" aria-hidden=\"true\"><\/div>\n<input type=\"hidden\" name=\"trp-form-language\" value=\"en\"\/><\/form>\n<\/div>\n\n\t\t<\/div>\n\t<\/div>\n<\/div><\/div><\/div><\/div><\/div><\/div><\/div><div class=\"wpb_column vc_column_container vc_col-sm-2\"><div class=\"vc_column-inner\"><div class=\"wpb_wrapper\"><\/div><\/div><\/div><\/div>\n<\/div>","protected":false},"excerpt":{"rendered":"Viaja a Israel con NosotrosBienvenidos, a trav\u00e9s de este apartado, podr\u00e1n solicitar informaci\u00f3n sobre los viajes a Israel organizados por<span class=\"excerpt-hellip\"> [\u2026]<\/span>","protected":false},"author":1,"featured_media":-1,"parent":0,"menu_order":0,"comment_status":"closed","ping_status":"closed","template":"","meta":{"footnotes":""},"class_list":["post-1084","page","type-page","status-publish","has-post-thumbnail","hentry"],"yoast_head":"<!-- This site is optimized with the Yoast SEO plugin v26.7 - https:\/\/yoast.com\/wordpress\/plugins\/seo\/ -->\n<title>Viajes a Israel con Centro Evang\u00e9lico Vida Nueva<\/title>\n<meta name=\"description\" content=\"Centro Evangelico Vida Nueva Viajes a Israel - Viajes a Israel Jos\u00e9 Manuel Sierra P\u00e1ez\" \/>\n<meta name=\"robots\" content=\"index, follow, max-snippet:-1, max-image-preview:large, max-video-preview:-1\" \/>\n<link rel=\"canonical\" href=\"https:\/\/mividanueva.org\/en\/viajes-a-israel\/\" \/>\n<meta property=\"og:locale\" content=\"en_US\" \/>\n<meta property=\"og:type\" content=\"article\" \/>\n<meta property=\"og:title\" content=\"Viajes a Israel con Centro Evang\u00e9lico Vida Nueva\" \/>\n<meta property=\"og:description\" content=\"Centro Evangelico Vida Nueva Viajes a Israel - Viajes a Israel Jos\u00e9 Manuel Sierra P\u00e1ez\" \/>\n<meta property=\"og:url\" content=\"https:\/\/mividanueva.org\/en\/viajes-a-israel\/\" \/>\n<meta property=\"og:site_name\" content=\"Centro Evangelico Vida Nueva\" \/>\n<meta property=\"article:publisher\" content=\"https:\/\/www.facebook.com\/vidanueva.tf\" \/>\n<meta property=\"article:modified_time\" content=\"2026-01-02T15:54:57+00:00\" \/>\n<meta name=\"twitter:card\" content=\"summary_large_image\" \/>\n<meta name=\"twitter:label1\" content=\"Est. reading time\" \/>\n\t<meta name=\"twitter:data1\" content=\"1 minute\" \/>\n<script type=\"application\/ld+json\" class=\"yoast-schema-graph\">{\"@context\":\"https:\/\/schema.org\",\"@graph\":[{\"@type\":\"WebPage\",\"@id\":\"https:\/\/mividanueva.org\/viajes-a-israel\/\",\"url\":\"https:\/\/mividanueva.org\/viajes-a-israel\/\",\"name\":\"Viajes a Israel con Centro Evang\u00e9lico Vida Nueva\",\"isPartOf\":{\"@id\":\"https:\/\/mividanueva.org\/#website\"},\"datePublished\":\"2021-04-15T15:00:28+00:00\",\"dateModified\":\"2026-01-02T15:54:57+00:00\",\"description\":\"Centro Evangelico Vida Nueva Viajes a Israel - Viajes a Israel Jos\u00e9 Manuel Sierra P\u00e1ez\",\"breadcrumb\":{\"@id\":\"https:\/\/mividanueva.org\/viajes-a-israel\/#breadcrumb\"},\"inLanguage\":\"en-US\",\"potentialAction\":[{\"@type\":\"ReadAction\",\"target\":[\"https:\/\/mividanueva.org\/viajes-a-israel\/\"]}]},{\"@type\":\"BreadcrumbList\",\"@id\":\"https:\/\/mividanueva.org\/viajes-a-israel\/#breadcrumb\",\"itemListElement\":[{\"@type\":\"ListItem\",\"position\":1,\"name\":\"Portada\",\"item\":\"https:\/\/mividanueva.org\/\"},{\"@type\":\"ListItem\",\"position\":2,\"name\":\"Viajes a Israel\"}]},{\"@type\":\"WebSite\",\"@id\":\"https:\/\/mividanueva.org\/#website\",\"url\":\"https:\/\/mividanueva.org\/\",\"name\":\"Centro Evangelico Vida Nueva\",\"description\":\"\",\"publisher\":{\"@id\":\"https:\/\/mividanueva.org\/#organization\"},\"potentialAction\":[{\"@type\":\"SearchAction\",\"target\":{\"@type\":\"EntryPoint\",\"urlTemplate\":\"https:\/\/mividanueva.org\/?s={search_term_string}\"},\"query-input\":{\"@type\":\"PropertyValueSpecification\",\"valueRequired\":true,\"valueName\":\"search_term_string\"}}],\"inLanguage\":\"en-US\"},{\"@type\":\"Organization\",\"@id\":\"https:\/\/mividanueva.org\/#organization\",\"name\":\"Centro Evang\u00e9lico Vida Nueva\",\"url\":\"https:\/\/mividanueva.org\/\",\"logo\":{\"@type\":\"ImageObject\",\"inLanguage\":\"en-US\",\"@id\":\"https:\/\/mividanueva.org\/#\/schema\/logo\/image\/\",\"url\":\"https:\/\/mividanueva.org\/wp-content\/uploads\/2021\/02\/Logo-Horizontal.png\",\"contentUrl\":\"https:\/\/mividanueva.org\/wp-content\/uploads\/2021\/02\/Logo-Horizontal.png\",\"width\":7016,\"height\":1992,\"caption\":\"Centro Evang\u00e9lico Vida Nueva\"},\"image\":{\"@id\":\"https:\/\/mividanueva.org\/#\/schema\/logo\/image\/\"},\"sameAs\":[\"https:\/\/www.facebook.com\/vidanueva.tf\",\"https:\/\/www.youtube.com\/channel\/UCRD3E0xjvi87Qe2AFrIrmxA\"]}]}<\/script>\n<!-- \/ Yoast SEO plugin. -->","yoast_head_json":{"title":"Viajes a Israel con Centro Evang\u00e9lico Vida Nueva","description":"Centro Evangelico Vida Nueva Viajes a Israel - Viajes a Israel Jos\u00e9 Manuel Sierra P\u00e1ez","robots":{"index":"index","follow":"follow","max-snippet":"max-snippet:-1","max-image-preview":"max-image-preview:large","max-video-preview":"max-video-preview:-1"},"canonical":"https:\/\/mividanueva.org\/en\/viajes-a-israel\/","og_locale":"en_US","og_type":"article","og_title":"Viajes a Israel con Centro Evang\u00e9lico Vida Nueva","og_description":"Centro Evangelico Vida Nueva Viajes a Israel - Viajes a Israel Jos\u00e9 Manuel Sierra P\u00e1ez","og_url":"https:\/\/mividanueva.org\/en\/viajes-a-israel\/","og_site_name":"Centro Evangelico Vida Nueva","article_publisher":"https:\/\/www.facebook.com\/vidanueva.tf","article_modified_time":"2026-01-02T15:54:57+00:00","twitter_card":"summary_large_image","twitter_misc":{"Est. reading time":"1 minute"},"schema":{"@context":"https:\/\/schema.org","@graph":[{"@type":"WebPage","@id":"https:\/\/mividanueva.org\/viajes-a-israel\/","url":"https:\/\/mividanueva.org\/viajes-a-israel\/","name":"Viajes a Israel con Centro Evang\u00e9lico Vida Nueva","isPartOf":{"@id":"https:\/\/mividanueva.org\/#website"},"datePublished":"2021-04-15T15:00:28+00:00","dateModified":"2026-01-02T15:54:57+00:00","description":"Centro Evangelico Vida Nueva Viajes a Israel - Viajes a Israel Jos\u00e9 Manuel Sierra P\u00e1ez","breadcrumb":{"@id":"https:\/\/mividanueva.org\/viajes-a-israel\/#breadcrumb"},"inLanguage":"en-US","potentialAction":[{"@type":"ReadAction","target":["https:\/\/mividanueva.org\/viajes-a-israel\/"]}]},{"@type":"BreadcrumbList","@id":"https:\/\/mividanueva.org\/viajes-a-israel\/#breadcrumb","itemListElement":[{"@type":"ListItem","position":1,"name":"Portada","item":"https:\/\/mividanueva.org\/"},{"@type":"ListItem","position":2,"name":"Viajes a Israel"}]},{"@type":"WebSite","@id":"https:\/\/mividanueva.org\/#website","url":"https:\/\/mividanueva.org\/","name":"Centro Evangelico Vida Nueva","description":"","publisher":{"@id":"https:\/\/mividanueva.org\/#organization"},"potentialAction":[{"@type":"SearchAction","target":{"@type":"EntryPoint","urlTemplate":"https:\/\/mividanueva.org\/?s={search_term_string}"},"query-input":{"@type":"PropertyValueSpecification","valueRequired":true,"valueName":"search_term_string"}}],"inLanguage":"en-US"},{"@type":"Organization","@id":"https:\/\/mividanueva.org\/#organization","name":"Centro Evangelico Vida Nueva","url":"https:\/\/mividanueva.org\/","logo":{"@type":"ImageObject","inLanguage":"en-US","@id":"https:\/\/mividanueva.org\/#\/schema\/logo\/image\/","url":"https:\/\/mividanueva.org\/wp-content\/uploads\/2021\/02\/Logo-Horizontal.png","contentUrl":"https:\/\/mividanueva.org\/wp-content\/uploads\/2021\/02\/Logo-Horizontal.png","width":7016,"height":1992,"caption":"Centro Evang\u00e9lico Vida Nueva"},"image":{"@id":"https:\/\/mividanueva.org\/#\/schema\/logo\/image\/"},"sameAs":["https:\/\/www.facebook.com\/vidanueva.tf","https:\/\/www.youtube.com\/channel\/UCRD3E0xjvi87Qe2AFrIrmxA"]}]}},"_links":{"self":[{"href":"https:\/\/mividanueva.org\/en\/wp-json\/wp\/v2\/pages\/1084","targetHints":{"allow":["GET"]}}],"collection":[{"href":"https:\/\/mividanueva.org\/en\/wp-json\/wp\/v2\/pages"}],"about":[{"href":"https:\/\/mividanueva.org\/en\/wp-json\/wp\/v2\/types\/page"}],"author":[{"embeddable":true,"href":"https:\/\/mividanueva.org\/en\/wp-json\/wp\/v2\/users\/1"}],"replies":[{"embeddable":true,"href":"https:\/\/mividanueva.org\/en\/wp-json\/wp\/v2\/comments?post=1084"}],"version-history":[{"count":30,"href":"https:\/\/mividanueva.org\/en\/wp-json\/wp\/v2\/pages\/1084\/revisions"}],"predecessor-version":[{"id":2123,"href":"https:\/\/mividanueva.org\/en\/wp-json\/wp\/v2\/pages\/1084\/revisions\/2123"}],"wp:featuredmedia":[{"embeddable":true,"href":"https:\/\/mividanueva.org\/en\/wp-json\/"}],"wp:attachment":[{"href":"https:\/\/mividanueva.org\/en\/wp-json\/wp\/v2\/media?parent=1084"}],"curies":[{"name":"wp","href":"https:\/\/api.w.org\/{rel}","templated":true}]}}